{"id":258,"date":"2018-01-22T10:17:40","date_gmt":"2018-01-22T14:17:40","guid":{"rendered":"http:\/\/alcaldiamunicipaldebanica.gob.do\/transparencia\/?page_id=258"},"modified":"2018-07-10T11:26:41","modified_gmt":"2018-07-10T15:26:41","slug":"responsable-de-acceso-a-la-informacion","status":"publish","type":"page","link":"https:\/\/ayuntamientobanica.gob.do\/transparencia\/responsable-de-acceso-a-la-informacion\/","title":{"rendered":"Responsable de Acceso a la Informaci\u00f3n"},"content":{"rendered":"<h4 class=\"paragraph ng-attr-widget\"><span style=\"color: #000000\"><strong>Licda. Dayris Contreras Rosario<\/strong><\/span><\/h4>\n<h4><span style=\"color: #3366ff\"><strong>Responsable de Acceso a la Informaci\u00f3n (RAI)<\/strong><\/span><\/h4>\n<h4>Tel\u00e9fonos: 829-330-6465 y 829-603-6797<\/h4>\n<h4>Correo:<strong> info@alcaldiamunicipaldebanica.gob.do<\/strong><\/h4>\n<h4>Direcci\u00f3n: Calle San Franc\u00edsco de As\u00eds No. 11, B\u00e1nica, Provincia El\u00edas Pi\u00f1a<\/h4>\n","protected":false},"excerpt":{"rendered":"Licda. Dayris Contreras Rosario Responsable de Acceso a la Informaci\u00f3n (RAI) Tel\u00e9fonos: 829-330-6465 y 829-603-6797 Correo: info@alcaldiamunicipaldebanica.gob.do Direcci\u00f3n: Calle San Franc\u00edsco de As\u00eds No. 11, B\u00e1nica, Provincia El\u00edas Pi\u00f1a","protected":false},"author":3,"featured_media":0,"parent":0,"menu_order":0,"comment_status":"closed","ping_status":"closed","template":"","meta":[],"_links":{"self":[{"href":"https:\/\/ayuntamientobanica.gob.do\/transparencia\/wp-json\/wp\/v2\/pages\/258"}],"collection":[{"href":"https:\/\/ayuntamientobanica.gob.do\/transparencia\/wp-json\/wp\/v2\/pages"}],"about":[{"href":"https:\/\/ayuntamientobanica.gob.do\/transparencia\/wp-json\/wp\/v2\/types\/page"}],"author":[{"embeddable":true,"href":"https:\/\/ayuntamientobanica.gob.do\/transparencia\/wp-json\/wp\/v2\/users\/3"}],"replies":[{"embeddable":true,"href":"https:\/\/ayuntamientobanica.gob.do\/transparencia\/wp-json\/wp\/v2\/comments?post=258"}],"version-history":[{"count":3,"href":"https:\/\/ayuntamientobanica.gob.do\/transparencia\/wp-json\/wp\/v2\/pages\/258\/revisions"}],"predecessor-version":[{"id":536,"href":"https:\/\/ayuntamientobanica.gob.do\/transparencia\/wp-json\/wp\/v2\/pages\/258\/revisions\/536"}],"wp:attachment":[{"href":"https:\/\/ayuntamientobanica.gob.do\/transparencia\/wp-json\/wp\/v2\/media?parent=258"}],"curies":[{"name":"wp","href":"https:\/\/api.w.org\/{rel}","templated":true}]}}